{"id":1395,"date":"2022-05-04T18:09:52","date_gmt":"2022-05-04T21:09:52","guid":{"rendered":"http:\/\/bfapadvocacia.com.br\/?page_id=1395"},"modified":"2025-11-17T14:36:40","modified_gmt":"2025-11-17T17:36:40","slug":"direito-imobiliario","status":"publish","type":"page","link":"https:\/\/bfapadvocacia.com.br\/index.php\/direito-imobiliario\/","title":{"rendered":"Direito Imobili\u00e1rio"},"content":{"rendered":"<p><div class=\"fusion-fullwidth fullwidth-box fusion-builder-row-1 fusion-flex-container has-pattern-background has-mask-background nonhundred-percent-fullwidth non-hundred-percent-height-scrolling\" style=\"--awb-background-position:center top;--awb-border-sizes-top:0px;--awb-border-sizes-bottom:0px;--awb-border-sizes-left:0px;--awb-border-sizes-right:0px;--awb-border-radius-top-left:0px;--awb-border-radius-top-right:0px;--awb-border-radius-bottom-right:0px;--awb-border-radius-bottom-left:0px;--awb-padding-top:110px;--awb-padding-bottom:90px;--awb-padding-top-medium:72px;--awb-padding-bottom-medium:62px;--awb-min-height:50vh;--awb-background-color:var(--awb-color2);--awb-flex-wrap:wrap;\" ><div class=\"awb-background-slider\" data-type=\"container\" data-loop=\"yes\" data-animation=\"fade\" data-slideshow-speed=\"5000\" data-animation-speed=\"800\" data-direction=\"up\" style=\"--awb-image-position:50% 50%;\"><div class=\"swiper-wrapper\"><div class=\"swiper-slide\"><img decoding=\"async\" width=\"1170\" height=\"450\" src=\"https:\/\/bfapadvocacia.com.br\/wp-content\/uploads\/2025\/11\/Direito-imobiliario-1.jpg\" class=\"awb-background-slider__image lazyload\" alt=\"direito imobili\u00e1rio\" srcset=\"data:image\/svg+xml,%3Csvg%20xmlns%3D%27http%3A%2F%2Fwww.w3.org%2F2000%2Fsvg%27%20width%3D%271170%27%20height%3D%27450%27%20viewBox%3D%270%200%201170%20450%27%3E%3Crect%20width%3D%271170%27%20height%3D%27450%27%20fill-opacity%3D%220%22%2F%3E%3C%2Fsvg%3E\" data-orig-src=\"https:\/\/bfapadvocacia.com.br\/wp-content\/uploads\/2025\/11\/Direito-imobiliario-1.jpg\" data-srcset=\"https:\/\/bfapadvocacia.com.br\/wp-content\/uploads\/2025\/11\/Direito-imobiliario-1-200x77.jpg 200w, https:\/\/bfapadvocacia.com.br\/wp-content\/uploads\/2025\/11\/Direito-imobiliario-1-300x115.jpg 300w, https:\/\/bfapadvocacia.com.br\/wp-content\/uploads\/2025\/11\/Direito-imobiliario-1-400x154.jpg 400w, https:\/\/bfapadvocacia.com.br\/wp-content\/uploads\/2025\/11\/Direito-imobiliario-1-600x231.jpg 600w, https:\/\/bfapadvocacia.com.br\/wp-content\/uploads\/2025\/11\/Direito-imobiliario-1-768x295.jpg 768w, https:\/\/bfapadvocacia.com.br\/wp-content\/uploads\/2025\/11\/Direito-imobiliario-1-800x308.jpg 800w, https:\/\/bfapadvocacia.com.br\/wp-content\/uploads\/2025\/11\/Direito-imobiliario-1-1024x394.jpg 1024w, https:\/\/bfapadvocacia.com.br\/wp-content\/uploads\/2025\/11\/Direito-imobiliario-1.jpg 1170w\" data-sizes=\"auto\" \/><\/div><\/div><\/div><div class=\"fusion-builder-row fusion-row fusion-flex-align-items-flex-start fusion-flex-content-wrap\" style=\"max-width:calc( 1170px + 0px );margin-left: calc(-0px \/ 2 );margin-right: calc(-0px \/ 2 );\"><div class=\"fusion-layout-column fusion_builder_column fusion-builder-column-0 fusion_builder_column_1_1 1_1 fusion-flex-column fusion-flex-align-self-flex-start fusion-column-no-min-height\" style=\"--awb-bg-blend:overlay;--awb-bg-size:cover;--awb-width-large:100%;--awb-margin-top-large:0px;--awb-spacing-right-large:0px;--awb-margin-bottom-large:0px;--awb-spacing-left-large:0px;--awb-width-medium:100%;--awb-spacing-right-medium:0px;--awb-spacing-left-medium:0px;--awb-width-small:100%;--awb-spacing-right-small:0px;--awb-spacing-left-small:0px;\"><div class=\"fusion-column-wrapper fusion-flex-justify-content-flex-start fusion-content-layout-column\"><\/div><\/div><\/div><\/div><div class=\"fusion-fullwidth fullwidth-box fusion-builder-row-2 fusion-flex-container has-pattern-background has-mask-background hundred-percent-fullwidth non-hundred-percent-height-scrolling\" style=\"--awb-background-position:left top;--awb-border-sizes-top:0px;--awb-border-sizes-bottom:0px;--awb-border-sizes-left:0px;--awb-border-sizes-right:0px;--awb-border-radius-top-left:0px;--awb-border-radius-top-right:0px;--awb-border-radius-bottom-right:0px;--awb-border-radius-bottom-left:0px;--awb-padding-top:5px;--awb-padding-bottom:5px;--awb-padding-top-medium:72px;--awb-padding-bottom-medium:62px;--awb-background-color:var(--awb-color2);--awb-flex-wrap:wrap;\" ><div class=\"fusion-builder-row fusion-row fusion-flex-align-items-flex-start fusion-flex-content-wrap\" style=\"width:calc( 100% + 0px ) !important;max-width:calc( 100% + 0px ) !important;margin-left: calc(-0px \/ 2 );margin-right: calc(-0px \/ 2 );\"><div class=\"fusion-layout-column fusion_builder_column fusion-builder-column-1 fusion_builder_column_1_1 1_1 fusion-flex-column green-border rounded-border\" style=\"--awb-padding-top:60px;--awb-padding-right:60px;--awb-padding-bottom:50px;--awb-padding-left:60px;--awb-bg-color:var(--awb-color1);--awb-bg-color-hover:var(--awb-color1);--awb-bg-size:cover;--awb-border-color:var(--awb-color3);--awb-border-top:1px;--awb-border-right:1px;--awb-border-bottom:1px;--awb-border-left:1px;--awb-border-style:solid;--awb-width-large:100%;--awb-margin-top-large:0px;--awb-spacing-right-large:0px;--awb-margin-bottom-large:20px;--awb-spacing-left-large:0px;--awb-width-medium:100%;--awb-spacing-right-medium:0px;--awb-spacing-left-medium:0px;--awb-width-small:100%;--awb-spacing-right-small:0px;--awb-spacing-left-small:0px;\"><div class=\"fusion-column-wrapper fusion-flex-justify-content-center fusion-content-layout-column\"><div class=\"fusion-builder-row fusion-builder-row-inner fusion-row fusion-flex-align-items-flex-start fusion-flex-content-wrap\" style=\"--awb-flex-grow:0;--awb-flex-grow-medium:0;--awb-flex-grow-small:0;--awb-flex-shrink:0;--awb-flex-shrink-medium:0;--awb-flex-shrink-small:0;width:calc( 100% + 0px ) !important;max-width:calc( 100% + 0px ) !important;margin-left: calc(-0px \/ 2 );margin-right: calc(-0px \/ 2 );\"><div class=\"fusion-layout-column fusion_builder_column_inner fusion-builder-nested-column-0 fusion_builder_column_inner_1_1 1_1 fusion-flex-column fusion-flex-align-self-center\" style=\"--awb-bg-size:cover;--awb-width-large:100%;--awb-margin-top-large:0px;--awb-spacing-right-large:0px;--awb-margin-bottom-large:0px;--awb-spacing-left-large:0px;--awb-width-medium:75%;--awb-spacing-right-medium:0px;--awb-spacing-left-medium:0px;--awb-width-small:100%;--awb-spacing-right-small:0px;--awb-spacing-left-small:0px;\"><div class=\"fusion-column-wrapper fusion-column-has-shadow fusion-flex-justify-content-flex-start fusion-content-layout-column\"><div class=\"fusion-text fusion-text-1\"><div dir=\"auto\">\n<p><span data-contrast=\"auto\">O escrit\u00f3rio BF&amp;AP Sociedade de Advogados est\u00e1 apto a fornecer aos clientes uma especializada assessoria jur\u00eddica no que tange ao Direito Imobili\u00e1rio e todas as suas abrang\u00eancias.<\/span><span data-ccp-props=\"{\">\u00a0<\/span><\/p>\n<p><span data-contrast=\"auto\">Atua em a\u00e7\u00f5es jur\u00eddicas que envolvem o direito de propriedade, aquisi\u00e7\u00e3o, compra e venda, financiamento, usucapi\u00e3o, loca\u00e7\u00e3o, direito de vizinhan\u00e7a, condom\u00ednio, como tamb\u00e9m no exerc\u00edcio da propriedade, tais como:<\/span><span data-ccp-props=\"{\">\u00a0<\/span><span data-ccp-props=\"{\">\u00a0<\/span><\/p>\n<ul>\n<li aria-setsize=\"-1\" data-leveltext=\"\uf0b7\" data-font=\"Symbol\" data-listid=\"1\" data-list-defn-props=\"{\" data-aria-posinset=\"7\" data-aria-level=\"1\"><span data-contrast=\"auto\">Regulariza\u00e7\u00e3o de im\u00f3veis: atua\u00e7\u00e3o de modo assertivo para regularizar os im\u00f3veis, tanto urbanos como rurais, visando a posse e a propriedade, com a\u00e7\u00f5es de usucapi\u00e3o, adjudica\u00e7\u00e3o compuls\u00f3ria, reintegra\u00e7\u00e3o de posse, registro, dentre outros;<br \/>\n<\/span><\/li>\n<li>Contratos imobili\u00e1rios: elabora\u00e7\u00e3o e revis\u00e3o de contratos de compra e venda, loca\u00e7\u00e3o, da\u00e7\u00e3o em pagamento, permutas, usufruto e Direitos Reais de Superf\u00edcie, entre outros;<\/li>\n<li aria-setsize=\"-1\" data-leveltext=\"\uf0b7\" data-font=\"Symbol\" data-listid=\"1\" data-list-defn-props=\"{\" data-aria-posinset=\"8\" data-aria-level=\"1\"><span data-contrast=\"auto\">Contrato de loca\u00e7\u00e3o: excel\u00eancia desde a elabora\u00e7\u00e3o dos contratos de loca\u00e7\u00e3o e atua\u00e7\u00e3o em a\u00e7\u00f5es revisionais de alugu\u00e9is;<\/span><\/li>\n<\/ul>\n<ul>\n<li aria-setsize=\"-1\" data-leveltext=\"\uf0b7\" data-font=\"Symbol\" data-listid=\"1\" data-list-defn-props=\"{\" data-aria-posinset=\"10\" data-aria-level=\"1\"><span data-contrast=\"auto\">Da\u00e7\u00e3o em pagamento: por meio da da\u00e7\u00e3o em pagamento \u00e9 poss\u00edvel pagar uma d\u00edvida com a da\u00e7\u00e3o de um bem ou de um cr\u00e9dito, por exemplo;<\/span><\/li>\n<\/ul>\n<ul>\n<li aria-setsize=\"-1\" data-leveltext=\"\uf0b7\" data-font=\"Symbol\" data-listid=\"1\" data-list-defn-props=\"{\" data-aria-posinset=\"11\" data-aria-level=\"1\"><span data-contrast=\"auto\">Permuta: nada mais \u00e9 que a troca simult\u00e2nea de im\u00f3veis entre duas pessoas. \u00c9 poss\u00edvel, por meio desse mecanismo, trocar im\u00f3veis de mesma natureza ou de naturezas diferentes;<\/span><\/li>\n<\/ul>\n<ul>\n<li aria-setsize=\"-1\" data-leveltext=\"\uf0b7\" data-font=\"Symbol\" data-listid=\"1\" data-list-defn-props=\"{\" data-aria-posinset=\"12\" data-aria-level=\"1\"><span data-contrast=\"auto\">Usufruto: atrav\u00e9s deste \u00e9 estabelecido o direito real sobre coisa alheia, conferindo ao usufrutu\u00e1rio (pessoa para quem foi constitu\u00eddo o usufruto) a capacidade de usar as utilidades e os frutos (rendas) do bem;<\/span><\/li>\n<\/ul>\n<ul>\n<li aria-setsize=\"-1\" data-leveltext=\"\uf0b7\" data-font=\"Symbol\" data-listid=\"1\" data-list-defn-props=\"{\" data-aria-posinset=\"13\" data-aria-level=\"1\"><span data-contrast=\"auto\">Usucapi\u00e3o: prestamos servi\u00e7os jur\u00eddicos nas v\u00e1rias esp\u00e9cies de usucapi\u00e3o previstas na legisla\u00e7\u00e3o, objetivando tanto o ajuizamento como a defesa dos interessados;<\/span><\/li>\n<\/ul>\n<ul>\n<li aria-setsize=\"-1\" data-leveltext=\"\uf0b7\" data-font=\"Symbol\" data-listid=\"1\" data-list-defn-props=\"{\" data-aria-posinset=\"14\" data-aria-level=\"1\"><span data-contrast=\"auto\">A\u00e7\u00f5es Renovat\u00f3rias Comerciais: atua\u00e7\u00e3o na prote\u00e7\u00e3o dos interesses do locat\u00e1rio comercial, atrav\u00e9s do ingresso de a\u00e7\u00e3o renovat\u00f3ria, a fim de garantir o direito \u00e0 continuidade do contrato de loca\u00e7\u00e3o e perman\u00eancia no im\u00f3vel onde est\u00e1 localizado seu ponto comercial.<\/span><span data-ccp-props=\"{\">\u00a0<\/span><\/li>\n<\/ul>\n<p><b><span data-contrast=\"auto\">A atua\u00e7\u00e3o \u00e9 baseada na seguran\u00e7a jur\u00eddica e na preven\u00e7\u00e3o de conflitos, na an\u00e1lise da situa\u00e7\u00e3o documental e jur\u00eddica do neg\u00f3cio, na elabora\u00e7\u00e3o precisa dos respectivos contratos da \u00e1rea imobili\u00e1ria e pareceres, e na aquisi\u00e7\u00e3o ou transfer\u00eancia do ativo imobili\u00e1rio.<\/span><\/b><span data-ccp-props=\"{\">\u00a0<\/span><\/p>\n<p><b><span data-contrast=\"auto\">Agende um hor\u00e1rio com um advogado imobili\u00e1rio do nosso escrit\u00f3rio e saiba mais sobre as \u00e1reas de atua\u00e7\u00e3o.<\/span><\/b><span data-ccp-props=\"{\">\u00a0<\/span><\/p>\n<\/div>\n<\/div><\/div><\/div><\/div><\/div><\/div><\/div><\/div><div class=\"fusion-fullwidth fullwidth-box fusion-builder-row-3 fusion-flex-container nonhundred-percent-fullwidth non-hundred-percent-height-scrolling\" style=\"--link_color: var(--awb-custom_color_2);--awb-background-position:left top;--awb-border-sizes-top:0px;--awb-border-sizes-bottom:0px;--awb-border-sizes-left:0px;--awb-border-sizes-right:0px;--awb-border-radius-top-left:0px;--awb-border-radius-top-right:0px;--awb-border-radius-bottom-right:0px;--awb-border-radius-bottom-left:0px;--awb-padding-top:72px;--awb-padding-bottom:52px;--awb-background-color:var(--awb-custom_color_2);--awb-flex-wrap:wrap;\" ><div class=\"fusion-builder-row fusion-row fusion-flex-align-items-stretch fusion-flex-content-wrap\" style=\"max-width:1216.8px;margin-left: calc(-4% \/ 2 );margin-right: calc(-4% \/ 2 );\"><div class=\"fusion-layout-column fusion_builder_column fusion-builder-column-2 fusion_builder_column_2_3 2_3 fusion-flex-column\" style=\"--awb-bg-blend:overlay;--awb-bg-size:cover;--awb-width-large:66.666666666667%;--awb-margin-top-large:0px;--awb-spacing-right-large:4.32%;--awb-margin-bottom-large:20px;--awb-spacing-left-large:2.88%;--awb-width-medium:100%;--awb-spacing-right-medium:1.92%;--awb-spacing-left-medium:1.92%;--awb-width-small:100%;--awb-spacing-right-small:1.92%;--awb-spacing-left-small:1.92%;\"><div class=\"fusion-column-wrapper fusion-flex-justify-content-flex-start fusion-content-layout-column\"><div class=\"fusion-title title fusion-title-1 fusion-title-center fusion-title-text fusion-title-size-two\" style=\"--awb-text-color:var(--awb-color1);--awb-margin-top:10px;--awb-margin-top-small:0px;--awb-margin-right-small:0px;--awb-margin-bottom-small:20px;--awb-margin-left-small:0px;\"><div class=\"title-sep-container title-sep-container-left\"><div class=\"title-sep sep- sep-solid\" style=\"border-color:var(--awb-color3);\"><\/div><\/div><span class=\"awb-title-spacer\"><\/span><h2 class=\"fusion-title-heading title-heading-center\" style=\"margin:0;text-transform:uppercase;\">D\u00favidas sobre quest\u00f5es de direito imobili\u00e1rio?<\/h2><span class=\"awb-title-spacer\"><\/span><div class=\"title-sep-container title-sep-container-right\"><div class=\"title-sep sep- sep-solid\" style=\"border-color:var(--awb-color3);\"><\/div><\/div><\/div><\/div><\/div><div class=\"fusion-layout-column fusion_builder_column fusion-builder-column-3 fusion_builder_column_1_3 1_3 fusion-flex-column fusion-column-inner-bg-wrapper\" style=\"--awb-inner-bg-blend:overlay;--awb-inner-bg-size:cover;--awb-width-large:33.333333333333%;--awb-margin-top-large:0px;--awb-spacing-right-large:5.76%;--awb-margin-bottom-large:20px;--awb-spacing-left-large:2.88%;--awb-width-medium:100%;--awb-order-medium:0;--awb-spacing-right-medium:1.92%;--awb-spacing-left-medium:1.92%;--awb-width-small:100%;--awb-order-small:0;--awb-spacing-right-small:1.92%;--awb-spacing-left-small:1.92%;\"><span class=\"fusion-column-inner-bg hover-type-none\"><a class=\"fusion-column-anchor\" href=\"https:\/\/wa.me\/5511944748813\"><span class=\"fusion-column-inner-bg-image\"><\/span><\/a><\/span><div class=\"fusion-column-wrapper fusion-column-has-shadow fusion-flex-justify-content-flex-start fusion-content-layout-column\"><div style=\"text-align:center;\"><a class=\"fusion-button button-flat button-xlarge button-custom fusion-button-default button-1 fusion-button-default-span \" style=\"--button_accent_color:var(--awb-color1);--button_accent_hover_color:var(--awb-color1);--button_border_hover_color:var(--awb-color1);--button_border_width-top:0px;--button_border_width-right:0px;--button_border_width-bottom:0px;--button_border_width-left:0px;--button_gradient_top_color:hsla(var(--awb-custom_color_2-h),calc(var(--awb-custom_color_2-s) + 5%),calc(var(--awb-custom_color_2-l) - 10%),var(--awb-custom_color_2-a));--button_gradient_bottom_color:hsla(var(--awb-custom_color_2-h),calc(var(--awb-custom_color_2-s) + 5%),calc(var(--awb-custom_color_2-l) - 10%),var(--awb-custom_color_2-a));--button_gradient_top_color_hover:var(--awb-color5);--button_gradient_bottom_color_hover:var(--awb-color5);\" target=\"_self\" href=\"#\" data-toggle=\"modal\" data-target=\".fusion-modal.expert\"><span class=\"fusion-button-text awb-button__text awb-button__text--default\">Pergunte aos nossos profissionais<\/span><\/a><\/div><\/div><\/div><\/div><\/div><div class=\"fusion-fullwidth fullwidth-box fusion-builder-row-4 fusion-flex-container nonhundred-percent-fullwidth non-hundred-percent-height-scrolling\" style=\"--awb-border-radius-top-left:0px;--awb-border-radius-top-right:0px;--awb-border-radius-bottom-right:0px;--awb-border-radius-bottom-left:0px;--awb-flex-wrap:wrap;\" ><div class=\"fusion-builder-row fusion-row fusion-flex-align-items-flex-start fusion-flex-content-wrap\" style=\"max-width:1216.8px;margin-left: calc(-4% \/ 2 );margin-right: calc(-4% \/ 2 );\"><div class=\"fusion-layout-column fusion_builder_column fusion-builder-column-4 fusion_builder_column_1_1 1_1 fusion-flex-column\" style=\"--awb-bg-size:cover;--awb-width-large:100%;--awb-margin-top-large:0px;--awb-spacing-right-large:1.92%;--awb-margin-bottom-large:20px;--awb-spacing-left-large:1.92%;--awb-width-medium:100%;--awb-order-medium:0;--awb-spacing-right-medium:1.92%;--awb-spacing-left-medium:1.92%;--awb-width-small:100%;--awb-order-small:0;--awb-spacing-right-small:1.92%;--awb-spacing-left-small:1.92%;\"><div class=\"fusion-column-wrapper fusion-column-has-shadow fusion-flex-justify-content-flex-start fusion-content-layout-column\"><\/div><\/div><\/div><\/div><\/p>\n","protected":false},"excerpt":{"rendered":"","protected":false},"author":1,"featured_media":0,"parent":0,"menu_order":0,"comment_status":"open","ping_status":"closed","template":"100-width.php","meta":{"footnotes":""},"class_list":["post-1395","page","type-page","status-publish","hentry"],"_links":{"self":[{"href":"https:\/\/bfapadvocacia.com.br\/index.php\/wp-json\/wp\/v2\/pages\/1395","targetHints":{"allow":["GET"]}}],"collection":[{"href":"https:\/\/bfapadvocacia.com.br\/index.php\/wp-json\/wp\/v2\/pages"}],"about":[{"href":"https:\/\/bfapadvocacia.com.br\/index.php\/wp-json\/wp\/v2\/types\/page"}],"author":[{"embeddable":true,"href":"https:\/\/bfapadvocacia.com.br\/index.php\/wp-json\/wp\/v2\/users\/1"}],"replies":[{"embeddable":true,"href":"https:\/\/bfapadvocacia.com.br\/index.php\/wp-json\/wp\/v2\/comments?post=1395"}],"version-history":[{"count":19,"href":"https:\/\/bfapadvocacia.com.br\/index.php\/wp-json\/wp\/v2\/pages\/1395\/revisions"}],"predecessor-version":[{"id":1714,"href":"https:\/\/bfapadvocacia.com.br\/index.php\/wp-json\/wp\/v2\/pages\/1395\/revisions\/1714"}],"wp:attachment":[{"href":"https:\/\/bfapadvocacia.com.br\/index.php\/wp-json\/wp\/v2\/media?parent=1395"}],"curies":[{"name":"wp","href":"https:\/\/api.w.org\/{rel}","templated":true}]}}