{"id":1390,"date":"2022-05-04T18:10:02","date_gmt":"2022-05-04T21:10:02","guid":{"rendered":"http:\/\/bfapadvocacia.com.br\/?page_id=1390"},"modified":"2025-11-13T14:29:52","modified_gmt":"2025-11-13T17:29:52","slug":"direito-familia","status":"publish","type":"page","link":"https:\/\/bfapadvocacia.com.br\/index.php\/direito-familia\/","title":{"rendered":"Direito de Fam\u00edlia"},"content":{"rendered":"<p><div class=\"fusion-fullwidth fullwidth-box fusion-builder-row-1 fusion-flex-container has-pattern-background has-mask-background nonhundred-percent-fullwidth non-hundred-percent-height-scrolling\" style=\"--awb-background-position:left top;--awb-border-sizes-top:0px;--awb-border-sizes-bottom:0px;--awb-border-sizes-left:0px;--awb-border-sizes-right:0px;--awb-border-radius-top-left:0px;--awb-border-radius-top-right:0px;--awb-border-radius-bottom-right:0px;--awb-border-radius-bottom-left:0px;--awb-padding-top:110px;--awb-padding-bottom:90px;--awb-padding-top-medium:72px;--awb-padding-bottom-medium:62px;--awb-min-height:50vh;--awb-background-color:var(--awb-color2);--awb-flex-wrap:wrap;\" ><div class=\"awb-background-slider\" data-type=\"container\" data-loop=\"yes\" data-animation=\"fade\" data-slideshow-speed=\"5000\" data-animation-speed=\"800\" data-direction=\"up\" style=\"--awb-image-position:50% 50%;\"><div class=\"swiper-wrapper\"><div class=\"swiper-slide\"><img decoding=\"async\" width=\"1170\" height=\"450\" src=\"https:\/\/bfapadvocacia.com.br\/wp-content\/uploads\/2025\/11\/Direito-de-Familia.jpg\" class=\"awb-background-slider__image lazyload\" alt=\"Direito de Fam\u00edlia\" srcset=\"data:image\/svg+xml,%3Csvg%20xmlns%3D%27http%3A%2F%2Fwww.w3.org%2F2000%2Fsvg%27%20width%3D%271170%27%20height%3D%27450%27%20viewBox%3D%270%200%201170%20450%27%3E%3Crect%20width%3D%271170%27%20height%3D%27450%27%20fill-opacity%3D%220%22%2F%3E%3C%2Fsvg%3E\" data-orig-src=\"https:\/\/bfapadvocacia.com.br\/wp-content\/uploads\/2025\/11\/Direito-de-Familia.jpg\" data-srcset=\"https:\/\/bfapadvocacia.com.br\/wp-content\/uploads\/2025\/11\/Direito-de-Familia-200x77.jpg 200w, https:\/\/bfapadvocacia.com.br\/wp-content\/uploads\/2025\/11\/Direito-de-Familia-300x115.jpg 300w, https:\/\/bfapadvocacia.com.br\/wp-content\/uploads\/2025\/11\/Direito-de-Familia-400x154.jpg 400w, https:\/\/bfapadvocacia.com.br\/wp-content\/uploads\/2025\/11\/Direito-de-Familia-600x231.jpg 600w, https:\/\/bfapadvocacia.com.br\/wp-content\/uploads\/2025\/11\/Direito-de-Familia-768x295.jpg 768w, https:\/\/bfapadvocacia.com.br\/wp-content\/uploads\/2025\/11\/Direito-de-Familia-800x308.jpg 800w, https:\/\/bfapadvocacia.com.br\/wp-content\/uploads\/2025\/11\/Direito-de-Familia-1024x394.jpg 1024w, https:\/\/bfapadvocacia.com.br\/wp-content\/uploads\/2025\/11\/Direito-de-Familia.jpg 1170w\" data-sizes=\"auto\" \/><\/div><\/div><\/div><div class=\"fusion-builder-row fusion-row fusion-flex-align-items-flex-start fusion-flex-content-wrap\" style=\"max-width:calc( 1170px + 0px );margin-left: calc(-0px \/ 2 );margin-right: calc(-0px \/ 2 );\"><div class=\"fusion-layout-column fusion_builder_column fusion-builder-column-0 fusion_builder_column_1_1 1_1 fusion-flex-column fusion-flex-align-self-flex-start fusion-column-no-min-height\" style=\"--awb-bg-blend:overlay;--awb-bg-size:cover;--awb-width-large:100%;--awb-margin-top-large:0px;--awb-spacing-right-large:0px;--awb-margin-bottom-large:0px;--awb-spacing-left-large:0px;--awb-width-medium:100%;--awb-spacing-right-medium:0px;--awb-spacing-left-medium:0px;--awb-width-small:100%;--awb-spacing-right-small:0px;--awb-spacing-left-small:0px;\"><div class=\"fusion-column-wrapper fusion-flex-justify-content-flex-start fusion-content-layout-column\"><\/div><\/div><\/div><\/div><div class=\"fusion-fullwidth fullwidth-box fusion-builder-row-2 fusion-flex-container has-pattern-background has-mask-background hundred-percent-fullwidth non-hundred-percent-height-scrolling\" style=\"--awb-background-position:left top;--awb-border-sizes-top:0px;--awb-border-sizes-bottom:0px;--awb-border-sizes-left:0px;--awb-border-sizes-right:0px;--awb-border-radius-top-left:0px;--awb-border-radius-top-right:0px;--awb-border-radius-bottom-right:0px;--awb-border-radius-bottom-left:0px;--awb-padding-top:5px;--awb-padding-bottom:5px;--awb-padding-top-medium:72px;--awb-padding-bottom-medium:62px;--awb-background-color:var(--awb-color2);--awb-flex-wrap:wrap;\" ><div class=\"fusion-builder-row fusion-row fusion-flex-align-items-flex-start fusion-flex-content-wrap\" style=\"width:calc( 100% + 0px ) !important;max-width:calc( 100% + 0px ) !important;margin-left: calc(-0px \/ 2 );margin-right: calc(-0px \/ 2 );\"><div class=\"fusion-layout-column fusion_builder_column fusion-builder-column-1 fusion_builder_column_1_1 1_1 fusion-flex-column green-border rounded-border\" style=\"--awb-padding-top:60px;--awb-padding-right:60px;--awb-padding-bottom:50px;--awb-padding-left:60px;--awb-bg-color:var(--awb-color1);--awb-bg-color-hover:var(--awb-color1);--awb-bg-size:cover;--awb-border-color:var(--awb-color3);--awb-border-top:1px;--awb-border-right:1px;--awb-border-bottom:1px;--awb-border-left:1px;--awb-border-style:solid;--awb-width-large:100%;--awb-margin-top-large:0px;--awb-spacing-right-large:0px;--awb-margin-bottom-large:20px;--awb-spacing-left-large:0px;--awb-width-medium:100%;--awb-spacing-right-medium:0px;--awb-spacing-left-medium:0px;--awb-width-small:100%;--awb-spacing-right-small:0px;--awb-spacing-left-small:0px;\"><div class=\"fusion-column-wrapper fusion-flex-justify-content-center fusion-content-layout-column\"><div class=\"fusion-builder-row fusion-builder-row-inner fusion-row fusion-flex-align-items-flex-start fusion-flex-content-wrap\" style=\"--awb-flex-grow:0;--awb-flex-grow-medium:0;--awb-flex-grow-small:0;--awb-flex-shrink:0;--awb-flex-shrink-medium:0;--awb-flex-shrink-small:0;width:calc( 100% + 0px ) !important;max-width:calc( 100% + 0px ) !important;margin-left: calc(-0px \/ 2 );margin-right: calc(-0px \/ 2 );\"><div class=\"fusion-layout-column fusion_builder_column_inner fusion-builder-nested-column-0 fusion_builder_column_inner_1_1 1_1 fusion-flex-column fusion-flex-align-self-center\" style=\"--awb-bg-size:cover;--awb-width-large:100%;--awb-margin-top-large:0px;--awb-spacing-right-large:0px;--awb-margin-bottom-large:0px;--awb-spacing-left-large:0px;--awb-width-medium:75%;--awb-spacing-right-medium:0px;--awb-spacing-left-medium:0px;--awb-width-small:100%;--awb-spacing-right-small:0px;--awb-spacing-left-small:0px;\"><div class=\"fusion-column-wrapper fusion-column-has-shadow fusion-flex-justify-content-flex-start fusion-content-layout-column\"><div class=\"fusion-text fusion-text-1\"><p><span data-contrast=\"auto\">Assist\u00eancia personalizada aos clientes, no \u00e2mbito de invent\u00e1rios, div\u00f3rcios judiciais e extrajudiciais, guarda de filhos, curatela, pens\u00e3o aliment\u00edcia, partilha de bens, planejamento sucess\u00f3rio e outras \u00e1reas relacionadas ao direito de fam\u00edlia.<\/span><span data-ccp-props=\"{\">\u00a0<\/span><\/p>\n<p><span data-contrast=\"auto\">A atua\u00e7\u00e3o abrange:<\/span><span data-ccp-props=\"{\">\u00a0<\/span><\/p>\n<ul>\n<li aria-setsize=\"-1\" data-leveltext=\"\uf0b7\" data-font=\"Symbol\" data-listid=\"1\" data-list-defn-props=\"{\" data-aria-posinset=\"26\" data-aria-level=\"1\">Casamento e Uni\u00e3o Est\u00e1vel: orienta\u00e7\u00e3o ao cliente em todos os detalhes jur\u00eddicos do casamento, seja no regime de bens a ser adotado, seja em outras quest\u00f5es atinentes \u00e0 fam\u00edlia que est\u00e1 se formando, para que tudo transcorra com seguran\u00e7a;<\/li>\n<\/ul>\n<ul>\n<li aria-setsize=\"-1\" data-leveltext=\"\uf0b7\" data-font=\"Symbol\" data-listid=\"1\" data-list-defn-props=\"{\" data-aria-posinset=\"27\" data-aria-level=\"1\"><span data-contrast=\"auto\">Div\u00f3rcio Extrajudicial: quando as partes est\u00e3o de acordo pelo fim do matrim\u00f4nio e n\u00e3o possuem filhos menores ou incapazes, \u00e9 poss\u00edvel que o div\u00f3rcio seja realizado extrajudicialmente. Esse processo \u00e9 mais c\u00e9lere e mais simples, pois o div\u00f3rcio \u00e9 realizado diretamente no cart\u00f3rio;<\/span><\/li>\n<\/ul>\n<ul>\n<li aria-setsize=\"-1\" data-leveltext=\"\uf0b7\" data-font=\"Symbol\" data-listid=\"1\" data-list-defn-props=\"{\" data-aria-posinset=\"28\" data-aria-level=\"1\"><span data-contrast=\"auto\">Div\u00f3rcio Consensual Judicial: se o casal possui filhos menores ou incapazes, mas n\u00e3o tem interesse m\u00fatuo de manter o v\u00ednculo conjugal, o div\u00f3rcio dever\u00e1 ocorrer judicialmente. Normalmente, os div\u00f3rcios judiciais envolvem n\u00e3o s\u00f3 quest\u00f5es patrimoniais, como tamb\u00e9m outras quest\u00f5es, tais como: guarda dos filhos, alimentos e regime de conviv\u00eancia;<\/span><\/li>\n<\/ul>\n<ul>\n<li aria-setsize=\"-1\" data-leveltext=\"\uf0b7\" data-font=\"Symbol\" data-listid=\"1\" data-list-defn-props=\"{\" data-aria-posinset=\"29\" data-aria-level=\"1\"><span data-contrast=\"auto\">Div\u00f3rcio Litigioso: ocorre quando n\u00e3o h\u00e1 consenso entre as partes, quando o casal diverge acerca de uma ou mais quest\u00f5es relacionadas ao fim do casamento. Essas quest\u00f5es geralmente se relacionam \u00e0 partilha de bens, guarda dos filhos, visita ou pens\u00e3o aliment\u00edcia;<\/span><\/li>\n<\/ul>\n<ul>\n<li aria-setsize=\"-1\" data-leveltext=\"\uf0b7\" data-font=\"Symbol\" data-listid=\"1\" data-list-defn-props=\"{\" data-aria-posinset=\"30\" data-aria-level=\"1\"><span data-contrast=\"auto\">Pens\u00e3o Aliment\u00edcia: quantia necess\u00e1ria prestada a aqueles que n\u00e3o tem meios para garantir a pr\u00f3pria subsist\u00eancia. \u00c9 fixada pelo Juiz de Direito e deve atender, primordialmente, ao bin\u00f4mio possibilidade e necessidade;<\/span><\/li>\n<\/ul>\n<ul>\n<li aria-setsize=\"-1\" data-leveltext=\"\uf0b7\" data-font=\"Symbol\" data-listid=\"1\" data-list-defn-props=\"{\" data-aria-posinset=\"31\" data-aria-level=\"1\"><span data-contrast=\"auto\">Guarda Compartilhada: responsabiliza\u00e7\u00e3o conjunta dos pais, a fim de resguardar todos os direitos de seus filhos e de poderem decidir, conjuntamente, tudo o que diz respeito ao menor. \u00c9 a modalidade de guarda priorit\u00e1ria a ser aplicada;<\/span><\/li>\n<\/ul>\n<ul>\n<li aria-setsize=\"-1\" data-leveltext=\"\uf0b7\" data-font=\"Symbol\" data-listid=\"1\" data-list-defn-props=\"{\" data-aria-posinset=\"32\" data-aria-level=\"1\"><span data-contrast=\"auto\">Aliena\u00e7\u00e3o Parental: quando perpetuada no tempo, a aliena\u00e7\u00e3o parental pode ocasionar preju\u00edzos irrepar\u00e1veis \u00e0s v\u00edtimas. O objetivo \u00e9 se evitar preju\u00edzos na rela\u00e7\u00e3o de v\u00ednculo com os genitores;<\/span><\/li>\n<\/ul>\n<ul>\n<li aria-setsize=\"-1\" data-leveltext=\"\uf0b7\" data-font=\"Symbol\" data-listid=\"1\" data-list-defn-props=\"{\" data-aria-posinset=\"33\" data-aria-level=\"1\">Reconhecimento de Paternidade: acontece quando n\u00e3o se reconhece a paternidade de forma espont\u00e2nea, podendo ocorrer em qualquer fase do filho. A a\u00e7\u00e3o pode ser proposta tamb\u00e9m pelo pai, quando a m\u00e3e nega o direito deste de reconhecer o filho;<\/li>\n<\/ul>\n<ul>\n<li aria-setsize=\"-1\" data-leveltext=\"\uf0b7\" data-font=\"Symbol\" data-listid=\"1\" data-list-defn-props=\"{\" data-aria-posinset=\"34\" data-aria-level=\"1\"><span data-contrast=\"auto\">Ado\u00e7\u00e3o: por meio desse processo, a fam\u00edlia biol\u00f3gica perde o poder familiar anterior sobre a crian\u00e7a e a fam\u00edlia legal o adquire. At\u00e9 mesmo o registro civil de nascimento \u00e9 alterado, empregando seu sobrenome \u00e0 crian\u00e7a. O processo de ado\u00e7\u00e3o \u00e9 altamente burocr\u00e1tico e todo o procedimento \u00e9 realizado na justi\u00e7a;<\/span><\/li>\n<\/ul>\n<ul>\n<li aria-setsize=\"-1\" data-leveltext=\"\uf0b7\" data-font=\"Symbol\" data-listid=\"1\" data-list-defn-props=\"{\" data-aria-posinset=\"35\" data-aria-level=\"1\"><span data-contrast=\"auto\">Autocuratela: atrav\u00e9s dessa medida, \u00e9 poss\u00edvel tratar de sua prote\u00e7\u00e3o futura, como por exemplo, escolher antecipadamente seu curador em caso de incapacidade, determinar a forma de administra\u00e7\u00e3o do seu patrim\u00f4nio, bem como os cuidados m\u00e9dicos que aceite ou recuse, de acordo com suas escolhas pessoais. Percebe-se que, al\u00e9m da prote\u00e7\u00e3o patrimonial, h\u00e1 tamb\u00e9m a prote\u00e7\u00e3o existencial. Pode ser feito de forma particular, mas, preferencialmente, atrav\u00e9s de escritura p\u00fablica;<\/span><\/li>\n<\/ul>\n<ul>\n<li aria-setsize=\"-1\" data-leveltext=\"\uf0b7\" data-font=\"Symbol\" data-listid=\"1\" data-list-defn-props=\"{\" data-aria-posinset=\"36\" data-aria-level=\"1\"><span data-contrast=\"auto\">Interdi\u00e7\u00e3o\/Curatela: por meio da interdi\u00e7\u00e3o, o interditado ser\u00e1 declarado incapaz para os atos civis e necessitar\u00e1 de algu\u00e9m que o auxilie, agindo em seu nome e em seu benef\u00edcio. Em fun\u00e7\u00e3o da gravidade da interdi\u00e7\u00e3o frente aos direitos de um indiv\u00edduo, sua declara\u00e7\u00e3o exige uma s\u00e9rie de cuidados. Em raz\u00e3o disso, sempre ocorrer\u00e1 por via judicial, com o acompanhamento de pessoas interessadas, necessitando de diversas per\u00edcias essenciais, de forma a comprovar a necessidade da interdi\u00e7\u00e3o.<\/span><\/li>\n<\/ul>\n<p><b><span data-contrast=\"auto\">A BF&amp;AP atua com profissionalismo, buscando ao m\u00e1ximo proteger os interesses dos clientes, indicando o melhor caminho a ser seguido e atuando de forma sens\u00edvel para lidar com as expectativas comuns a essas situa\u00e7\u00f5es.<\/span><\/b><span data-ccp-props=\"{\">\u00a0<\/span><\/p>\n<\/div><\/div><\/div><\/div><\/div><\/div><\/div><\/div><div class=\"fusion-fullwidth fullwidth-box fusion-builder-row-3 fusion-flex-container nonhundred-percent-fullwidth non-hundred-percent-height-scrolling\" style=\"--link_color: var(--awb-custom_color_2);--awb-background-position:left top;--awb-border-sizes-top:0px;--awb-border-sizes-bottom:0px;--awb-border-sizes-left:0px;--awb-border-sizes-right:0px;--awb-border-radius-top-left:0px;--awb-border-radius-top-right:0px;--awb-border-radius-bottom-right:0px;--awb-border-radius-bottom-left:0px;--awb-padding-top:72px;--awb-padding-bottom:52px;--awb-background-color:var(--awb-custom_color_2);--awb-flex-wrap:wrap;\" ><div class=\"fusion-builder-row fusion-row fusion-flex-align-items-stretch fusion-flex-content-wrap\" style=\"max-width:1216.8px;margin-left: calc(-4% \/ 2 );margin-right: calc(-4% \/ 2 );\"><div class=\"fusion-layout-column fusion_builder_column fusion-builder-column-2 fusion_builder_column_2_3 2_3 fusion-flex-column\" style=\"--awb-bg-blend:overlay;--awb-bg-size:cover;--awb-width-large:66.666666666667%;--awb-margin-top-large:0px;--awb-spacing-right-large:4.32%;--awb-margin-bottom-large:20px;--awb-spacing-left-large:2.88%;--awb-width-medium:100%;--awb-spacing-right-medium:1.92%;--awb-spacing-left-medium:1.92%;--awb-width-small:100%;--awb-spacing-right-small:1.92%;--awb-spacing-left-small:1.92%;\"><div class=\"fusion-column-wrapper fusion-flex-justify-content-flex-start fusion-content-layout-column\"><div class=\"fusion-title title fusion-title-1 fusion-title-text fusion-title-size-two\" style=\"--awb-text-color:var(--awb-color1);--awb-margin-top:10px;--awb-margin-top-small:0px;--awb-margin-right-small:0px;--awb-margin-bottom-small:20px;--awb-margin-left-small:0px;\"><div class=\"title-sep-container title-sep-container-left fusion-no-large-visibility fusion-no-medium-visibility fusion-no-small-visibility\"><div class=\"title-sep sep- sep-solid\" style=\"border-color:var(--awb-color3);\"><\/div><\/div><span class=\"awb-title-spacer fusion-no-large-visibility fusion-no-medium-visibility fusion-no-small-visibility\"><\/span><h2 class=\"fusion-title-heading title-heading-left\" style=\"margin:0;text-transform:uppercase;\">D\u00favidas sobre quest\u00f5es de Direito de Fam\u00edlia?<\/h2><span class=\"awb-title-spacer\"><\/span><div class=\"title-sep-container title-sep-container-right\"><div class=\"title-sep sep- sep-solid\" style=\"border-color:var(--awb-color3);\"><\/div><\/div><\/div><\/div><\/div><div class=\"fusion-layout-column fusion_builder_column fusion-builder-column-3 fusion_builder_column_1_3 1_3 fusion-flex-column fusion-column-inner-bg-wrapper\" style=\"--awb-inner-bg-blend:overlay;--awb-inner-bg-size:cover;--awb-width-large:33.333333333333%;--awb-margin-top-large:0px;--awb-spacing-right-large:5.76%;--awb-margin-bottom-large:20px;--awb-spacing-left-large:2.88%;--awb-width-medium:100%;--awb-order-medium:0;--awb-spacing-right-medium:1.92%;--awb-spacing-left-medium:1.92%;--awb-width-small:100%;--awb-order-small:0;--awb-spacing-right-small:1.92%;--awb-spacing-left-small:1.92%;\"><span class=\"fusion-column-inner-bg hover-type-none\"><a class=\"fusion-column-anchor\" href=\"https:\/\/wa.me\/5511944748813\"><span class=\"fusion-column-inner-bg-image\"><\/span><\/a><\/span><div class=\"fusion-column-wrapper fusion-column-has-shadow fusion-flex-justify-content-flex-start fusion-content-layout-column\"><div style=\"text-align:center;\"><a class=\"fusion-button button-flat button-xlarge button-custom fusion-button-default button-1 fusion-button-default-span \" style=\"--button_accent_color:var(--awb-color1);--button_accent_hover_color:var(--awb-color1);--button_border_hover_color:var(--awb-color1);--button_border_width-top:0px;--button_border_width-right:0px;--button_border_width-bottom:0px;--button_border_width-left:0px;--button_gradient_top_color:hsla(var(--awb-custom_color_2-h),calc(var(--awb-custom_color_2-s) + 5%),calc(var(--awb-custom_color_2-l) - 10%),var(--awb-custom_color_2-a));--button_gradient_bottom_color:hsla(var(--awb-custom_color_2-h),calc(var(--awb-custom_color_2-s) + 5%),calc(var(--awb-custom_color_2-l) - 10%),var(--awb-custom_color_2-a));--button_gradient_top_color_hover:var(--awb-color5);--button_gradient_bottom_color_hover:var(--awb-color5);\" target=\"_self\" href=\"#\" data-toggle=\"modal\" data-target=\".fusion-modal.expert\"><span class=\"fusion-button-text awb-button__text awb-button__text--default\">Pergunte aos nossos profissionais<\/span><\/a><\/div><\/div><\/div><\/div><\/div><div class=\"fusion-fullwidth fullwidth-box fusion-builder-row-4 fusion-flex-container nonhundred-percent-fullwidth non-hundred-percent-height-scrolling\" style=\"--awb-border-radius-top-left:0px;--awb-border-radius-top-right:0px;--awb-border-radius-bottom-right:0px;--awb-border-radius-bottom-left:0px;--awb-flex-wrap:wrap;\" ><div class=\"fusion-builder-row fusion-row fusion-flex-align-items-flex-start fusion-flex-content-wrap\" style=\"max-width:1216.8px;margin-left: calc(-4% \/ 2 );margin-right: calc(-4% \/ 2 );\"><div class=\"fusion-layout-column fusion_builder_column fusion-builder-column-4 fusion_builder_column_1_1 1_1 fusion-flex-column\" style=\"--awb-bg-size:cover;--awb-width-large:100%;--awb-margin-top-large:0px;--awb-spacing-right-large:1.92%;--awb-margin-bottom-large:20px;--awb-spacing-left-large:1.92%;--awb-width-medium:100%;--awb-order-medium:0;--awb-spacing-right-medium:1.92%;--awb-spacing-left-medium:1.92%;--awb-width-small:100%;--awb-order-small:0;--awb-spacing-right-small:1.92%;--awb-spacing-left-small:1.92%;\"><div class=\"fusion-column-wrapper fusion-column-has-shadow fusion-flex-justify-content-flex-start fusion-content-layout-column\"><\/div><\/div><\/div><\/div><\/p>\n","protected":false},"excerpt":{"rendered":"","protected":false},"author":1,"featured_media":0,"parent":0,"menu_order":0,"comment_status":"open","ping_status":"closed","template":"100-width.php","meta":{"footnotes":""},"class_list":["post-1390","page","type-page","status-publish","hentry"],"_links":{"self":[{"href":"https:\/\/bfapadvocacia.com.br\/index.php\/wp-json\/wp\/v2\/pages\/1390","targetHints":{"allow":["GET"]}}],"collection":[{"href":"https:\/\/bfapadvocacia.com.br\/index.php\/wp-json\/wp\/v2\/pages"}],"about":[{"href":"https:\/\/bfapadvocacia.com.br\/index.php\/wp-json\/wp\/v2\/types\/page"}],"author":[{"embeddable":true,"href":"https:\/\/bfapadvocacia.com.br\/index.php\/wp-json\/wp\/v2\/users\/1"}],"replies":[{"embeddable":true,"href":"https:\/\/bfapadvocacia.com.br\/index.php\/wp-json\/wp\/v2\/comments?post=1390"}],"version-history":[{"count":11,"href":"https:\/\/bfapadvocacia.com.br\/index.php\/wp-json\/wp\/v2\/pages\/1390\/revisions"}],"predecessor-version":[{"id":1603,"href":"https:\/\/bfapadvocacia.com.br\/index.php\/wp-json\/wp\/v2\/pages\/1390\/revisions\/1603"}],"wp:attachment":[{"href":"https:\/\/bfapadvocacia.com.br\/index.php\/wp-json\/wp\/v2\/media?parent=1390"}],"curies":[{"name":"wp","href":"https:\/\/api.w.org\/{rel}","templated":true}]}}