{"id":1386,"date":"2022-05-04T18:08:11","date_gmt":"2022-05-04T21:08:11","guid":{"rendered":"http:\/\/bfapadvocacia.com.br\/?page_id=1386"},"modified":"2025-11-17T14:38:15","modified_gmt":"2025-11-17T17:38:15","slug":"assessoria-juridica-leiloes-imoveis","status":"publish","type":"page","link":"https:\/\/bfapadvocacia.com.br\/index.php\/assessoria-juridica-leiloes-imoveis\/","title":{"rendered":"Assessoria Jur\u00eddica em Leil\u00f5es de Im\u00f3veis"},"content":{"rendered":"<p><div class=\"fusion-fullwidth fullwidth-box fusion-builder-row-1 fusion-flex-container has-pattern-background has-mask-background nonhundred-percent-fullwidth non-hundred-percent-height-scrolling\" style=\"--awb-background-position:left top;--awb-border-sizes-top:0px;--awb-border-sizes-bottom:0px;--awb-border-sizes-left:0px;--awb-border-sizes-right:0px;--awb-border-radius-top-left:0px;--awb-border-radius-top-right:0px;--awb-border-radius-bottom-right:0px;--awb-border-radius-bottom-left:0px;--awb-padding-top:110px;--awb-padding-bottom:90px;--awb-padding-top-medium:72px;--awb-padding-bottom-medium:62px;--awb-background-color:var(--awb-color2);--awb-flex-wrap:wrap;\" ><div class=\"awb-background-slider\" data-type=\"container\" data-loop=\"yes\" data-animation=\"fade\" data-slideshow-speed=\"5000\" data-animation-speed=\"800\" data-direction=\"up\" style=\"--awb-image-position:50% 50%;\"><div class=\"swiper-wrapper\"><div class=\"swiper-slide\"><img decoding=\"async\" width=\"1170\" height=\"450\" src=\"https:\/\/bfapadvocacia.com.br\/wp-content\/uploads\/2025\/11\/Design-sem-nome-7.jpg\" class=\"awb-background-slider__image lazyload\" alt=\"Assessoria Jur\u00eddica em Leil\u00f5es de Im\u00f3veis\" srcset=\"data:image\/svg+xml,%3Csvg%20xmlns%3D%27http%3A%2F%2Fwww.w3.org%2F2000%2Fsvg%27%20width%3D%271170%27%20height%3D%27450%27%20viewBox%3D%270%200%201170%20450%27%3E%3Crect%20width%3D%271170%27%20height%3D%27450%27%20fill-opacity%3D%220%22%2F%3E%3C%2Fsvg%3E\" data-orig-src=\"https:\/\/bfapadvocacia.com.br\/wp-content\/uploads\/2025\/11\/Design-sem-nome-7.jpg\" data-srcset=\"https:\/\/bfapadvocacia.com.br\/wp-content\/uploads\/2025\/11\/Design-sem-nome-7-200x77.jpg 200w, https:\/\/bfapadvocacia.com.br\/wp-content\/uploads\/2025\/11\/Design-sem-nome-7-300x115.jpg 300w, https:\/\/bfapadvocacia.com.br\/wp-content\/uploads\/2025\/11\/Design-sem-nome-7-400x154.jpg 400w, https:\/\/bfapadvocacia.com.br\/wp-content\/uploads\/2025\/11\/Design-sem-nome-7-600x231.jpg 600w, https:\/\/bfapadvocacia.com.br\/wp-content\/uploads\/2025\/11\/Design-sem-nome-7-768x295.jpg 768w, https:\/\/bfapadvocacia.com.br\/wp-content\/uploads\/2025\/11\/Design-sem-nome-7-800x308.jpg 800w, https:\/\/bfapadvocacia.com.br\/wp-content\/uploads\/2025\/11\/Design-sem-nome-7-1024x394.jpg 1024w, https:\/\/bfapadvocacia.com.br\/wp-content\/uploads\/2025\/11\/Design-sem-nome-7.jpg 1170w\" data-sizes=\"auto\" \/><\/div><\/div><\/div><div class=\"fusion-builder-row fusion-row fusion-flex-align-items-flex-start fusion-flex-content-wrap\" style=\"max-width:calc( 1170px + 0px );margin-left: calc(-0px \/ 2 );margin-right: calc(-0px \/ 2 );\"><div class=\"fusion-layout-column fusion_builder_column fusion-builder-column-0 fusion_builder_column_1_1 1_1 fusion-flex-column fusion-flex-align-self-flex-start fusion-column-no-min-height\" style=\"--awb-bg-blend:overlay;--awb-bg-size:cover;--awb-width-large:100%;--awb-margin-top-large:0px;--awb-spacing-right-large:0px;--awb-margin-bottom-large:0px;--awb-spacing-left-large:0px;--awb-width-medium:100%;--awb-spacing-right-medium:0px;--awb-spacing-left-medium:0px;--awb-width-small:100%;--awb-spacing-right-small:0px;--awb-spacing-left-small:0px;\"><div class=\"fusion-column-wrapper fusion-flex-justify-content-flex-start fusion-content-layout-column\"><\/div><\/div><\/div><\/div><div class=\"fusion-fullwidth fullwidth-box fusion-builder-row-2 fusion-flex-container has-pattern-background has-mask-background hundred-percent-fullwidth non-hundred-percent-height-scrolling\" style=\"--link_color: var(--awb-custom_color_2);--awb-background-position:left top;--awb-border-sizes-top:0px;--awb-border-sizes-bottom:0px;--awb-border-sizes-left:0px;--awb-border-sizes-right:0px;--awb-border-radius-top-left:0px;--awb-border-radius-top-right:0px;--awb-border-radius-bottom-right:0px;--awb-border-radius-bottom-left:0px;--awb-padding-top:5px;--awb-padding-bottom:5px;--awb-padding-top-medium:72px;--awb-padding-bottom-medium:62px;--awb-background-color:var(--awb-color2);--awb-flex-wrap:wrap;\" ><div class=\"fusion-builder-row fusion-row fusion-flex-align-items-flex-start fusion-flex-content-wrap\" style=\"width:calc( 100% + 0px ) !important;max-width:calc( 100% + 0px ) !important;margin-left: calc(-0px \/ 2 );margin-right: calc(-0px \/ 2 );\"><div class=\"fusion-layout-column fusion_builder_column fusion-builder-column-1 fusion_builder_column_1_1 1_1 fusion-flex-column green-border rounded-border\" style=\"--awb-padding-top:60px;--awb-padding-right:60px;--awb-padding-bottom:50px;--awb-padding-left:60px;--awb-bg-color:var(--awb-color1);--awb-bg-color-hover:var(--awb-color1);--awb-bg-size:cover;--awb-border-color:var(--awb-color3);--awb-border-top:1px;--awb-border-right:1px;--awb-border-bottom:1px;--awb-border-left:1px;--awb-border-style:solid;--awb-width-large:100%;--awb-margin-top-large:0px;--awb-spacing-right-large:0px;--awb-margin-bottom-large:20px;--awb-spacing-left-large:0px;--awb-width-medium:100%;--awb-spacing-right-medium:0px;--awb-spacing-left-medium:0px;--awb-width-small:100%;--awb-spacing-right-small:0px;--awb-spacing-left-small:0px;\"><div class=\"fusion-column-wrapper fusion-flex-justify-content-center fusion-content-layout-column\"><div class=\"fusion-builder-row fusion-builder-row-inner fusion-row fusion-flex-align-items-flex-start fusion-flex-content-wrap\" style=\"--awb-flex-grow:0;--awb-flex-grow-medium:0;--awb-flex-grow-small:0;--awb-flex-shrink:0;--awb-flex-shrink-medium:0;--awb-flex-shrink-small:0;width:calc( 100% + 0px ) !important;max-width:calc( 100% + 0px ) !important;margin-left: calc(-0px \/ 2 );margin-right: calc(-0px \/ 2 );\"><div class=\"fusion-layout-column fusion_builder_column_inner fusion-builder-nested-column-0 fusion_builder_column_inner_1_1 1_1 fusion-flex-column fusion-flex-align-self-center\" style=\"--awb-bg-size:cover;--awb-width-large:100%;--awb-margin-top-large:0px;--awb-spacing-right-large:0px;--awb-margin-bottom-large:0px;--awb-spacing-left-large:0px;--awb-width-medium:75%;--awb-spacing-right-medium:0px;--awb-spacing-left-medium:0px;--awb-width-small:100%;--awb-spacing-right-small:0px;--awb-spacing-left-small:0px;\"><div class=\"fusion-column-wrapper fusion-column-has-shadow fusion-flex-justify-content-flex-start fusion-content-layout-column\"><div class=\"fusion-text fusion-text-1\"><p><span data-contrast=\"auto\">Refer\u00eancia em assessoria jur\u00eddica em leil\u00f5es imobili\u00e1rios para investidores, empresas de investimentos e para quem deseja a compra para moradia.<\/span><span data-ccp-props=\"{\">\u00a0<\/span><\/p>\n<p><span data-contrast=\"auto\">A BF&amp;AP fornece uma assessoria jur\u00eddica completa em leil\u00f5es judiciais, extrajudiciais e venda direta, acompanhando o cliente em todo o processo.<\/span><span data-ccp-props=\"{\">\u00a0<\/span><\/p>\n<p><span data-contrast=\"auto\">Por se tratar de um mercado altamente rent\u00e1vel, a assessoria de um profissional especializado faz toda a diferen\u00e7a!<\/span><span data-ccp-props=\"{\">\u00a0<\/span><\/p>\n<p><span data-contrast=\"auto\">Atuamos em parceria com a LOOP HOUSE Assessoria em Leil\u00f5es Imobili\u00e1rios, que auxiliar\u00e1 o cliente e investidor na sele\u00e7\u00e3o de im\u00f3veis de acordo com seus objetivos, com completo estudo de viabilidade econ\u00f4mica e total acompanhamento at\u00e9 a entrega do im\u00f3vel. Tamb\u00e9m contamos com equipe destinada a realiza\u00e7\u00e3o de obras e suporte para venda com corretores parceiros.<\/span><span data-ccp-props=\"{\">\u00a0<\/span><\/p>\n<p><span data-contrast=\"auto\">A assessoria ocorre em tr\u00eas fases:<\/span><span data-ccp-props=\"{\">\u00a0<\/span><\/p>\n<ul>\n<li aria-setsize=\"-1\" data-leveltext=\"\uf0b7\" data-font=\"Symbol\" data-listid=\"1\" data-list-defn-props=\"{\" data-aria-posinset=\"15\" data-aria-level=\"1\"><span data-contrast=\"auto\">Pr\u00e9-leil\u00e3o: an\u00e1lise pr\u00e9via de todos os documentos, das certid\u00f5es do im\u00f3vel, do edital e do processo judicial que levou o im\u00f3vel a leil\u00e3o;<\/span><\/li>\n<\/ul>\n<ul>\n<li aria-setsize=\"-1\" data-leveltext=\"\uf0b7\" data-font=\"Symbol\" data-listid=\"1\" data-list-defn-props=\"{\" data-aria-posinset=\"16\" data-aria-level=\"1\"><span data-contrast=\"auto\">Leil\u00e3o: acompanhamos o cliente\/investidor no momento da realiza\u00e7\u00e3o do leil\u00e3o, com acompanhamento durante os lances, de forma a trazer a agilidade necess\u00e1ria \u00e0 tomada de decis\u00f5es, bem como, no cadastro junto aos sites dos leiloeiros;<\/span><\/li>\n<\/ul>\n<ul>\n<li aria-setsize=\"-1\" data-leveltext=\"\uf0b7\" data-font=\"Symbol\" data-listid=\"1\" data-list-defn-props=\"{\" data-aria-posinset=\"17\" data-aria-level=\"1\"><span data-contrast=\"auto\">Processual: nesta fase atuamos desde a lavratura do auto de arremata\u00e7\u00e3o \u00e0 expedi\u00e7\u00e3o da carta de arremata\u00e7\u00e3o e do mandado de imiss\u00e3o na posse em favor do cliente. Defesa da arremata\u00e7\u00e3o (no caso de impugna\u00e7\u00e3o, a\u00e7\u00f5es ou recursos pelo antigo propriet\u00e1rio), baixa de gravames (penhoras, hipotecas, indisponibilidades, etc.), tudo com total acompanhamento do processo e envio de relat\u00f3rios peri\u00f3dicos;<\/span><\/li>\n<\/ul>\n<ul>\n<li aria-setsize=\"-1\" data-leveltext=\"\uf0b7\" data-font=\"Symbol\" data-listid=\"1\" data-list-defn-props=\"{\" data-aria-posinset=\"18\" data-aria-level=\"1\"><span data-contrast=\"auto\">P\u00f3s-leil\u00e3o: prestamos toda a assist\u00eancia na desocupa\u00e7\u00e3o do im\u00f3vel, seja atrav\u00e9s de medidas jur\u00eddicas cab\u00edveis ou no acompanhamento do oficial de justi\u00e7a, at\u00e9 o servi\u00e7o junto ao Cart\u00f3rio de Registro de Im\u00f3veis para transfer\u00eancia de titularidade.<\/span><span data-ccp-props=\"{\">\u00a0<\/span><\/li>\n<\/ul>\n<p><span data-contrast=\"auto\">A busca de oportunidades de investimento em leil\u00f5es de im\u00f3veis conta com a parceria da LOOP HOUSE Assessoria em Leil\u00f5es Imobili\u00e1rios para oferecer as melhores op\u00e7\u00f5es de leil\u00f5es aos clientes e investidores.<\/span><span data-ccp-props=\"{\">\u00a0<\/span><\/p>\n<p><b><span data-contrast=\"auto\">Contar com uma assessoria jur\u00eddica especializada em leil\u00f5es \u00e9 a melhor maneira de garantir a seguran\u00e7a de seu investimento, pois, apesar das vantagens, existem riscos que podem comprometer o sucesso do neg\u00f3cio.<\/span><\/b><span data-ccp-props=\"{\">\u00a0<\/span><\/p>\n<\/div><\/div><\/div><\/div><\/div><\/div><\/div><\/div><div class=\"fusion-fullwidth fullwidth-box fusion-builder-row-3 fusion-flex-container has-pattern-background has-mask-background nonhundred-percent-fullwidth non-hundred-percent-height-scrolling\" style=\"--link_color: var(--awb-custom_color_2);--awb-background-position:left top;--awb-border-sizes-top:0px;--awb-border-sizes-bottom:0px;--awb-border-sizes-left:0px;--awb-border-sizes-right:0px;--awb-border-color:var(--awb-custom_color_2);--awb-border-radius-top-left:0px;--awb-border-radius-top-right:0px;--awb-border-radius-bottom-right:0px;--awb-border-radius-bottom-left:0px;--awb-padding-top:72px;--awb-padding-bottom:52px;--awb-background-color:var(--awb-custom_color_2);--awb-flex-wrap:wrap;\" ><div class=\"fusion-builder-row fusion-row fusion-flex-align-items-stretch fusion-flex-content-wrap\" style=\"max-width:1216.8px;margin-left: calc(-4% \/ 2 );margin-right: calc(-4% \/ 2 );\"><div class=\"fusion-layout-column fusion_builder_column fusion-builder-column-2 fusion_builder_column_2_3 2_3 fusion-flex-column\" style=\"--awb-bg-blend:overlay;--awb-bg-size:cover;--awb-width-large:66.666666666667%;--awb-margin-top-large:0px;--awb-spacing-right-large:4.32%;--awb-margin-bottom-large:20px;--awb-spacing-left-large:2.88%;--awb-width-medium:100%;--awb-order-medium:0;--awb-spacing-right-medium:1.92%;--awb-spacing-left-medium:1.92%;--awb-width-small:100%;--awb-order-small:0;--awb-spacing-right-small:1.92%;--awb-spacing-left-small:1.92%;\" data-scroll-devices=\"small-visibility,medium-visibility,large-visibility\"><div class=\"fusion-column-wrapper fusion-column-has-shadow fusion-flex-justify-content-flex-start fusion-content-layout-column\"><div class=\"fusion-title title fusion-title-1 fusion-title-center fusion-title-text fusion-title-size-two\" style=\"--awb-text-color:var(--awb-color1);--awb-margin-top:10px;--awb-margin-top-small:0px;--awb-margin-right-small:0px;--awb-margin-bottom-small:20px;--awb-margin-left-small:0px;\"><div class=\"title-sep-container title-sep-container-left\"><div class=\"title-sep sep- sep-solid\" style=\"border-color:var(--awb-color3);\"><\/div><\/div><span class=\"awb-title-spacer\"><\/span><h2 class=\"fusion-title-heading title-heading-center\" style=\"margin:0;text-transform:uppercase;\">D\u00favidas sobre quest\u00f5es de Assessoria Jur\u00eddica em Leil\u00f5es de Im\u00f3veis?<\/h2><span class=\"awb-title-spacer\"><\/span><div class=\"title-sep-container title-sep-container-right\"><div class=\"title-sep sep- sep-solid\" style=\"border-color:var(--awb-color3);\"><\/div><\/div><\/div><\/div><\/div><div class=\"fusion-layout-column fusion_builder_column fusion-builder-column-3 fusion_builder_column_1_3 1_3 fusion-flex-column\" style=\"--awb-bg-blend:overlay;--awb-bg-size:cover;--awb-width-large:33.333333333333%;--awb-margin-top-large:0px;--awb-spacing-right-large:5.76%;--awb-margin-bottom-large:20px;--awb-spacing-left-large:2.88%;--awb-width-medium:100%;--awb-order-medium:0;--awb-spacing-right-medium:1.92%;--awb-spacing-left-medium:1.92%;--awb-width-small:100%;--awb-order-small:0;--awb-spacing-right-small:1.92%;--awb-spacing-left-small:1.92%;\" data-scroll-devices=\"small-visibility,medium-visibility,large-visibility\"><div class=\"fusion-column-wrapper fusion-column-has-shadow fusion-flex-justify-content-flex-start fusion-content-layout-column\"><div style=\"text-align:center;\"><a class=\"fusion-button button-flat button-xlarge button-custom fusion-button-default button-1 fusion-button-default-span \" style=\"--button_accent_color:var(--awb-color1);--button_accent_hover_color:var(--awb-color1);--button_border_hover_color:var(--awb-color1);--button_border_width-top:0px;--button_border_width-right:0px;--button_border_width-bottom:0px;--button_border_width-left:0px;--button_gradient_top_color:hsla(var(--awb-custom_color_2-h),calc(var(--awb-custom_color_2-s) + 5%),calc(var(--awb-custom_color_2-l) - 10%),var(--awb-custom_color_2-a));--button_gradient_bottom_color:hsla(var(--awb-custom_color_2-h),calc(var(--awb-custom_color_2-s) + 5%),calc(var(--awb-custom_color_2-l) - 10%),var(--awb-custom_color_2-a));--button_gradient_top_color_hover:var(--awb-color5);--button_gradient_bottom_color_hover:var(--awb-color5);\" target=\"_self\" href=\"#\" data-toggle=\"modal\" data-target=\".fusion-modal.expert\"><span class=\"fusion-button-text awb-button__text awb-button__text--default\">Pergunte aos nossos profissionais<\/span><\/a><\/div><\/div><\/div><\/div><\/div><div class=\"fusion-fullwidth fullwidth-box fusion-builder-row-4 fusion-flex-container nonhundred-percent-fullwidth non-hundred-percent-height-scrolling\" style=\"--awb-border-radius-top-left:0px;--awb-border-radius-top-right:0px;--awb-border-radius-bottom-right:0px;--awb-border-radius-bottom-left:0px;--awb-flex-wrap:wrap;\" ><div class=\"fusion-builder-row fusion-row fusion-flex-align-items-flex-start fusion-flex-content-wrap\" style=\"max-width:1216.8px;margin-left: calc(-4% \/ 2 );margin-right: calc(-4% \/ 2 );\"><div class=\"fusion-layout-column fusion_builder_column fusion-builder-column-4 fusion_builder_column_1_1 1_1 fusion-flex-column\" style=\"--awb-bg-size:cover;--awb-width-large:100%;--awb-margin-top-large:0px;--awb-spacing-right-large:1.92%;--awb-margin-bottom-large:20px;--awb-spacing-left-large:1.92%;--awb-width-medium:100%;--awb-order-medium:0;--awb-spacing-right-medium:1.92%;--awb-spacing-left-medium:1.92%;--awb-width-small:100%;--awb-order-small:0;--awb-spacing-right-small:1.92%;--awb-spacing-left-small:1.92%;\"><div class=\"fusion-column-wrapper fusion-column-has-shadow fusion-flex-justify-content-flex-start fusion-content-layout-column\"><\/div><\/div><\/div><\/div><\/p>\n","protected":false},"excerpt":{"rendered":"","protected":false},"author":1,"featured_media":0,"parent":0,"menu_order":0,"comment_status":"open","ping_status":"closed","template":"100-width.php","meta":{"footnotes":""},"class_list":["post-1386","page","type-page","status-publish","hentry"],"_links":{"self":[{"href":"https:\/\/bfapadvocacia.com.br\/index.php\/wp-json\/wp\/v2\/pages\/1386","targetHints":{"allow":["GET"]}}],"collection":[{"href":"https:\/\/bfapadvocacia.com.br\/index.php\/wp-json\/wp\/v2\/pages"}],"about":[{"href":"https:\/\/bfapadvocacia.com.br\/index.php\/wp-json\/wp\/v2\/types\/page"}],"author":[{"embeddable":true,"href":"https:\/\/bfapadvocacia.com.br\/index.php\/wp-json\/wp\/v2\/users\/1"}],"replies":[{"embeddable":true,"href":"https:\/\/bfapadvocacia.com.br\/index.php\/wp-json\/wp\/v2\/comments?post=1386"}],"version-history":[{"count":20,"href":"https:\/\/bfapadvocacia.com.br\/index.php\/wp-json\/wp\/v2\/pages\/1386\/revisions"}],"predecessor-version":[{"id":1715,"href":"https:\/\/bfapadvocacia.com.br\/index.php\/wp-json\/wp\/v2\/pages\/1386\/revisions\/1715"}],"wp:attachment":[{"href":"https:\/\/bfapadvocacia.com.br\/index.php\/wp-json\/wp\/v2\/media?parent=1386"}],"curies":[{"name":"wp","href":"https:\/\/api.w.org\/{rel}","templated":true}]}}