{"id":1349,"date":"2022-05-04T18:09:41","date_gmt":"2022-05-04T21:09:41","guid":{"rendered":"http:\/\/bfapadvocacia.com.br\/?page_id=1349"},"modified":"2025-11-13T14:48:21","modified_gmt":"2025-11-13T17:48:21","slug":"direito-condominal","status":"publish","type":"page","link":"https:\/\/bfapadvocacia.com.br\/index.php\/direito-condominal\/","title":{"rendered":"Direito Condominal"},"content":{"rendered":"<p><div class=\"fusion-fullwidth fullwidth-box fusion-builder-row-1 fusion-flex-container has-pattern-background has-mask-background nonhundred-percent-fullwidth non-hundred-percent-height-scrolling\" style=\"--awb-background-position:left top;--awb-border-sizes-top:0px;--awb-border-sizes-bottom:0px;--awb-border-sizes-left:0px;--awb-border-sizes-right:0px;--awb-border-radius-top-left:0px;--awb-border-radius-top-right:0px;--awb-border-radius-bottom-right:0px;--awb-border-radius-bottom-left:0px;--awb-padding-top:110px;--awb-padding-bottom:90px;--awb-padding-top-medium:72px;--awb-padding-bottom-medium:62px;--awb-min-height:50vh;--awb-background-color:var(--awb-color2);--awb-flex-wrap:wrap;\" ><div class=\"awb-background-slider\" data-type=\"container\" data-loop=\"yes\" data-animation=\"fade\" data-slideshow-speed=\"5000\" data-animation-speed=\"800\" data-direction=\"up\" style=\"--awb-image-position:50% 50%;\"><div class=\"swiper-wrapper\"><div class=\"swiper-slide\"><img decoding=\"async\" width=\"1170\" height=\"450\" src=\"https:\/\/bfapadvocacia.com.br\/wp-content\/uploads\/2025\/11\/Direito-Condominal.jpg\" class=\"awb-background-slider__image lazyload\" alt=\"Direito Condominal\" srcset=\"data:image\/svg+xml,%3Csvg%20xmlns%3D%27http%3A%2F%2Fwww.w3.org%2F2000%2Fsvg%27%20width%3D%271170%27%20height%3D%27450%27%20viewBox%3D%270%200%201170%20450%27%3E%3Crect%20width%3D%271170%27%20height%3D%27450%27%20fill-opacity%3D%220%22%2F%3E%3C%2Fsvg%3E\" data-orig-src=\"https:\/\/bfapadvocacia.com.br\/wp-content\/uploads\/2025\/11\/Direito-Condominal.jpg\" data-srcset=\"https:\/\/bfapadvocacia.com.br\/wp-content\/uploads\/2025\/11\/Direito-Condominal-200x77.jpg 200w, https:\/\/bfapadvocacia.com.br\/wp-content\/uploads\/2025\/11\/Direito-Condominal-300x115.jpg 300w, https:\/\/bfapadvocacia.com.br\/wp-content\/uploads\/2025\/11\/Direito-Condominal-400x154.jpg 400w, https:\/\/bfapadvocacia.com.br\/wp-content\/uploads\/2025\/11\/Direito-Condominal-600x231.jpg 600w, https:\/\/bfapadvocacia.com.br\/wp-content\/uploads\/2025\/11\/Direito-Condominal-768x295.jpg 768w, https:\/\/bfapadvocacia.com.br\/wp-content\/uploads\/2025\/11\/Direito-Condominal-800x308.jpg 800w, https:\/\/bfapadvocacia.com.br\/wp-content\/uploads\/2025\/11\/Direito-Condominal-1024x394.jpg 1024w, https:\/\/bfapadvocacia.com.br\/wp-content\/uploads\/2025\/11\/Direito-Condominal.jpg 1170w\" data-sizes=\"auto\" \/><\/div><\/div><\/div><div class=\"fusion-builder-row fusion-row fusion-flex-align-items-flex-start fusion-flex-content-wrap\" style=\"max-width:calc( 1170px + 0px );margin-left: calc(-0px \/ 2 );margin-right: calc(-0px \/ 2 );\"><div class=\"fusion-layout-column fusion_builder_column fusion-builder-column-0 fusion_builder_column_1_1 1_1 fusion-flex-column fusion-flex-align-self-flex-start fusion-column-no-min-height\" style=\"--awb-bg-blend:overlay;--awb-bg-size:cover;--awb-width-large:100%;--awb-margin-top-large:0px;--awb-spacing-right-large:0px;--awb-margin-bottom-large:0px;--awb-spacing-left-large:0px;--awb-width-medium:100%;--awb-spacing-right-medium:0px;--awb-spacing-left-medium:0px;--awb-width-small:100%;--awb-spacing-right-small:0px;--awb-spacing-left-small:0px;\"><div class=\"fusion-column-wrapper fusion-flex-justify-content-flex-start fusion-content-layout-column\"><\/div><\/div><\/div><\/div><div class=\"fusion-fullwidth fullwidth-box fusion-builder-row-2 fusion-flex-container has-pattern-background has-mask-background hundred-percent-fullwidth non-hundred-percent-height-scrolling\" style=\"--awb-background-position:left top;--awb-border-sizes-top:0px;--awb-border-sizes-bottom:0px;--awb-border-sizes-left:0px;--awb-border-sizes-right:0px;--awb-border-radius-top-left:0px;--awb-border-radius-top-right:0px;--awb-border-radius-bottom-right:0px;--awb-border-radius-bottom-left:0px;--awb-padding-top:5px;--awb-padding-bottom:5px;--awb-padding-top-medium:72px;--awb-padding-bottom-medium:62px;--awb-background-color:var(--awb-color2);--awb-flex-wrap:wrap;\" ><div class=\"fusion-builder-row fusion-row fusion-flex-align-items-flex-start fusion-flex-content-wrap\" style=\"width:calc( 100% + 0px ) !important;max-width:calc( 100% + 0px ) !important;margin-left: calc(-0px \/ 2 );margin-right: calc(-0px \/ 2 );\"><div class=\"fusion-layout-column fusion_builder_column fusion-builder-column-1 fusion_builder_column_1_1 1_1 fusion-flex-column green-border rounded-border\" style=\"--awb-padding-top:60px;--awb-padding-right:60px;--awb-padding-bottom:50px;--awb-padding-left:60px;--awb-bg-color:var(--awb-color1);--awb-bg-color-hover:var(--awb-color1);--awb-bg-size:cover;--awb-border-color:var(--awb-color3);--awb-border-top:1px;--awb-border-right:1px;--awb-border-bottom:1px;--awb-border-left:1px;--awb-border-style:solid;--awb-width-large:100%;--awb-margin-top-large:0px;--awb-spacing-right-large:0px;--awb-margin-bottom-large:20px;--awb-spacing-left-large:0px;--awb-width-medium:100%;--awb-spacing-right-medium:0px;--awb-spacing-left-medium:0px;--awb-width-small:100%;--awb-spacing-right-small:0px;--awb-spacing-left-small:0px;\"><div class=\"fusion-column-wrapper fusion-flex-justify-content-center fusion-content-layout-column\"><div class=\"fusion-builder-row fusion-builder-row-inner fusion-row fusion-flex-align-items-flex-start fusion-flex-content-wrap\" style=\"--awb-flex-grow:0;--awb-flex-grow-medium:0;--awb-flex-grow-small:0;--awb-flex-shrink:0;--awb-flex-shrink-medium:0;--awb-flex-shrink-small:0;width:calc( 100% + 0px ) !important;max-width:calc( 100% + 0px ) !important;margin-left: calc(-0px \/ 2 );margin-right: calc(-0px \/ 2 );\"><div class=\"fusion-layout-column fusion_builder_column_inner fusion-builder-nested-column-0 fusion_builder_column_inner_1_1 1_1 fusion-flex-column fusion-flex-align-self-center\" style=\"--awb-bg-size:cover;--awb-width-large:100%;--awb-margin-top-large:0px;--awb-spacing-right-large:0px;--awb-margin-bottom-large:0px;--awb-spacing-left-large:0px;--awb-width-medium:75%;--awb-spacing-right-medium:0px;--awb-spacing-left-medium:0px;--awb-width-small:100%;--awb-spacing-right-small:0px;--awb-spacing-left-small:0px;\"><div class=\"fusion-column-wrapper fusion-column-has-shadow fusion-flex-justify-content-flex-start fusion-content-layout-column\"><div class=\"fusion-text fusion-text-1\"><p><span data-contrast=\"auto\">A assessoria jur\u00eddica condominial promove a solu\u00e7\u00e3o dos conflitos de relacionamentos ou administrativos, ao prevenir a ocorr\u00eancia de situa\u00e7\u00f5es desfavor\u00e1veis ao condom\u00ednio e ao defender seus direitos em processos judiciais, al\u00e9m da orienta\u00e7\u00e3o preventiva do s\u00edndico.<\/span><\/p>\n<p><span data-contrast=\"auto\">Atuamos na an\u00e1lise e elabora\u00e7\u00e3o de contratos, com o acompanhamento, quando necess\u00e1rio, em reuni\u00f5es condominiais, possuindo capacidade para propor a\u00e7\u00f5es de cobran\u00e7a, despejo, dentre outras. <\/span><\/p>\n<p><span data-contrast=\"auto\">Elaboramos pareceres jur\u00eddicos para consolida\u00e7\u00e3o de assuntos pol\u00eamicos, tais como: sorteio de vagas de garagem, voto proporcional \u00e0 fra\u00e7\u00e3o ideal, responsabilidade do s\u00edndico, presta\u00e7\u00e3o de contas, direito de voto, dentre outros assuntos.\u00a0<\/span><span data-ccp-props=\"{\">\u00a0<\/span><\/p>\n<p>An\u00e1lise da Conven\u00e7\u00e3o de Condom\u00ednio, Regulamento Interno e outras normas, incluindo a elabora\u00e7\u00e3o e envio de advert\u00eancias, multas e notifica\u00e7\u00f5es extrajudiciais.<\/p>\n<p><span data-contrast=\"auto\">Consultoria plena nas rela\u00e7\u00f5es trabalhistas, inclusive comparecimento em audi\u00eancias e elabora\u00e7\u00e3o de defesas e recursos.<\/span><span data-ccp-props=\"{\">\u00a0<\/span><\/p>\n<p><span data-contrast=\"auto\">Atua\u00e7\u00e3o direta na cobran\u00e7a de unidades inadimplentes na esfera extrajudicial atrav\u00e9s de um departamento especializado, inclusive com plant\u00f5es para recupera\u00e7\u00e3o de cr\u00e9dito permanente e rigorosa cobran\u00e7a judicial.<\/span><span data-ccp-props=\"{\">\u00a0<\/span><\/p>\n<p><b><span data-contrast=\"auto\">O Direito Condominial possui um rol de regras e entend\u00ea-las por completo \u00e9 a melhor forma de evitar conflitos.<\/span><\/b><span data-ccp-props=\"{\">\u00a0<\/span><\/p>\n<p><b><span data-contrast=\"auto\">Nosso escrit\u00f3rio est\u00e1 preparado para solucionar conflitos existentes, sejam de relacionamento ou administrativos, com base nas normas da legisla\u00e7\u00e3o condominial do ordenamento jur\u00eddico vigente.<\/span><\/b><span data-ccp-props=\"{\">\u00a0<\/span><\/p>\n<\/div><\/div><\/div><\/div><\/div><\/div><\/div><\/div><div class=\"fusion-fullwidth fullwidth-box fusion-builder-row-3 fusion-flex-container nonhundred-percent-fullwidth non-hundred-percent-height-scrolling\" style=\"--link_color: var(--awb-custom_color_2);--awb-background-position:left top;--awb-border-sizes-top:0px;--awb-border-sizes-bottom:0px;--awb-border-sizes-left:0px;--awb-border-sizes-right:0px;--awb-border-radius-top-left:0px;--awb-border-radius-top-right:0px;--awb-border-radius-bottom-right:0px;--awb-border-radius-bottom-left:0px;--awb-padding-top:72px;--awb-padding-bottom:52px;--awb-background-color:var(--awb-custom_color_2);--awb-flex-wrap:wrap;\" ><div class=\"fusion-builder-row fusion-row fusion-flex-align-items-stretch fusion-flex-content-wrap\" style=\"max-width:1216.8px;margin-left: calc(-4% \/ 2 );margin-right: calc(-4% \/ 2 );\"><div class=\"fusion-layout-column fusion_builder_column fusion-builder-column-2 fusion_builder_column_2_3 2_3 fusion-flex-column\" style=\"--awb-bg-blend:overlay;--awb-bg-size:cover;--awb-width-large:66.666666666667%;--awb-margin-top-large:0px;--awb-spacing-right-large:4.32%;--awb-margin-bottom-large:20px;--awb-spacing-left-large:2.88%;--awb-width-medium:100%;--awb-spacing-right-medium:1.92%;--awb-spacing-left-medium:1.92%;--awb-width-small:100%;--awb-spacing-right-small:1.92%;--awb-spacing-left-small:1.92%;\"><div class=\"fusion-column-wrapper fusion-flex-justify-content-flex-start fusion-content-layout-column\"><div class=\"fusion-title title fusion-title-1 fusion-title-text fusion-title-size-two\" style=\"--awb-text-color:var(--awb-color1);--awb-margin-top:10px;--awb-margin-top-small:0px;--awb-margin-right-small:0px;--awb-margin-bottom-small:20px;--awb-margin-left-small:0px;\"><div class=\"title-sep-container title-sep-container-left fusion-no-large-visibility fusion-no-medium-visibility fusion-no-small-visibility\"><div class=\"title-sep sep- sep-solid\" style=\"border-color:var(--awb-color3);\"><\/div><\/div><span class=\"awb-title-spacer fusion-no-large-visibility fusion-no-medium-visibility fusion-no-small-visibility\"><\/span><h2 class=\"fusion-title-heading title-heading-left\" style=\"margin:0;text-transform:uppercase;\">D\u00favidas sobre quest\u00f5es de Direito Condominal?<\/h2><span class=\"awb-title-spacer\"><\/span><div class=\"title-sep-container title-sep-container-right\"><div class=\"title-sep sep- sep-solid\" style=\"border-color:var(--awb-color3);\"><\/div><\/div><\/div><\/div><\/div><div class=\"fusion-layout-column fusion_builder_column fusion-builder-column-3 fusion_builder_column_1_3 1_3 fusion-flex-column\" style=\"--awb-bg-blend:overlay;--awb-bg-size:cover;--awb-width-large:33.333333333333%;--awb-margin-top-large:0px;--awb-spacing-right-large:5.76%;--awb-margin-bottom-large:20px;--awb-spacing-left-large:2.88%;--awb-width-medium:100%;--awb-spacing-right-medium:1.92%;--awb-spacing-left-medium:1.92%;--awb-width-small:100%;--awb-spacing-right-small:1.92%;--awb-spacing-left-small:1.92%;\"><div class=\"fusion-column-wrapper fusion-flex-justify-content-flex-start fusion-content-layout-column\"><div style=\"text-align:center;\"><a class=\"fusion-button button-flat button-xlarge button-custom fusion-button-default button-1 fusion-button-default-span \" style=\"--button_accent_color:var(--awb-color1);--button_accent_hover_color:var(--awb-color1);--button_border_hover_color:var(--awb-color1);--button_border_width-top:0px;--button_border_width-right:0px;--button_border_width-bottom:0px;--button_border_width-left:0px;--button_gradient_top_color:hsla(var(--awb-custom_color_2-h),calc(var(--awb-custom_color_2-s) + 5%),calc(var(--awb-custom_color_2-l) - 10%),var(--awb-custom_color_2-a));--button_gradient_bottom_color:hsla(var(--awb-custom_color_2-h),calc(var(--awb-custom_color_2-s) + 5%),calc(var(--awb-custom_color_2-l) - 10%),var(--awb-custom_color_2-a));--button_gradient_top_color_hover:var(--awb-color5);--button_gradient_bottom_color_hover:var(--awb-color5);\" target=\"_self\" href=\"#\" data-toggle=\"modal\" data-target=\".fusion-modal.expert\"><span class=\"fusion-button-text awb-button__text awb-button__text--default\">Pergunte aos nossos profissionais<\/span><\/a><\/div><\/div><\/div><\/div><\/div><div class=\"fusion-fullwidth fullwidth-box fusion-builder-row-4 fusion-flex-container nonhundred-percent-fullwidth non-hundred-percent-height-scrolling\" style=\"--awb-border-radius-top-left:0px;--awb-border-radius-top-right:0px;--awb-border-radius-bottom-right:0px;--awb-border-radius-bottom-left:0px;--awb-flex-wrap:wrap;\" ><div class=\"fusion-builder-row fusion-row fusion-flex-align-items-flex-start fusion-flex-content-wrap\" style=\"max-width:1216.8px;margin-left: calc(-4% \/ 2 );margin-right: calc(-4% \/ 2 );\"><div class=\"fusion-layout-column fusion_builder_column fusion-builder-column-4 fusion_builder_column_1_1 1_1 fusion-flex-column\" style=\"--awb-bg-size:cover;--awb-width-large:100%;--awb-margin-top-large:0px;--awb-spacing-right-large:1.92%;--awb-margin-bottom-large:20px;--awb-spacing-left-large:1.92%;--awb-width-medium:100%;--awb-order-medium:0;--awb-spacing-right-medium:1.92%;--awb-spacing-left-medium:1.92%;--awb-width-small:100%;--awb-order-small:0;--awb-spacing-right-small:1.92%;--awb-spacing-left-small:1.92%;\"><div class=\"fusion-column-wrapper fusion-column-has-shadow fusion-flex-justify-content-flex-start fusion-content-layout-column\"><\/div><\/div><\/div><\/div><\/p>\n","protected":false},"excerpt":{"rendered":"","protected":false},"author":1,"featured_media":0,"parent":0,"menu_order":0,"comment_status":"open","ping_status":"closed","template":"100-width.php","meta":{"footnotes":""},"class_list":["post-1349","page","type-page","status-publish","hentry"],"_links":{"self":[{"href":"https:\/\/bfapadvocacia.com.br\/index.php\/wp-json\/wp\/v2\/pages\/1349","targetHints":{"allow":["GET"]}}],"collection":[{"href":"https:\/\/bfapadvocacia.com.br\/index.php\/wp-json\/wp\/v2\/pages"}],"about":[{"href":"https:\/\/bfapadvocacia.com.br\/index.php\/wp-json\/wp\/v2\/types\/page"}],"author":[{"embeddable":true,"href":"https:\/\/bfapadvocacia.com.br\/index.php\/wp-json\/wp\/v2\/users\/1"}],"replies":[{"embeddable":true,"href":"https:\/\/bfapadvocacia.com.br\/index.php\/wp-json\/wp\/v2\/comments?post=1349"}],"version-history":[{"count":25,"href":"https:\/\/bfapadvocacia.com.br\/index.php\/wp-json\/wp\/v2\/pages\/1349\/revisions"}],"predecessor-version":[{"id":1600,"href":"https:\/\/bfapadvocacia.com.br\/index.php\/wp-json\/wp\/v2\/pages\/1349\/revisions\/1600"}],"wp:attachment":[{"href":"https:\/\/bfapadvocacia.com.br\/index.php\/wp-json\/wp\/v2\/media?parent=1349"}],"curies":[{"name":"wp","href":"https:\/\/api.w.org\/{rel}","templated":true}]}}